{"id":7,"date":"2020-04-29T10:58:57","date_gmt":"2020-04-29T07:58:57","guid":{"rendered":"https:\/\/www.valmiussuunnittelu.fi\/?page_id=7"},"modified":"2020-04-29T10:58:57","modified_gmt":"2020-04-29T07:58:57","slug":"valmiussuunnittelu","status":"publish","type":"page","link":"https:\/\/www.valmiussuunnittelu.fi\/?page_id=7","title":{"rendered":"Valmiussuunnittelu"},"content":{"rendered":"\n<p>Valmius- ja jatkuvuussuunnittelu on varautumista erilaisten h\u00e4iri\u00f6iden aiheuttamiin haasteisiin. H\u00e4iri\u00f6tilanteet voivat lis\u00e4t\u00e4 tai v\u00e4hent\u00e4\u00e4 palvelun kysynt\u00e4\u00e4, vaikuttaa resurssien saatavuuteen tai luoda t\u00e4ysin uusia tarpeita.<\/p>\n\n\n\n<p>Valmius- ja jatkuvuussuunnittelussa pyrit\u00e4\u00e4n luomaan ratkaisut, joilla h\u00e4iri\u00f6iden vaikutukset pystyt\u00e4\u00e4n vaikuttavuuden ja keston suhteen rajaamaan siedett\u00e4viksi. Keinoina ovat esimerkiksi suojaukset, vararesurssit ja toiminnan muutokset. <\/p>\n\n\n\n<p>Valmiussuunnittelussa siis luodaan ketteryytt\u00e4 ja sietoisuutta, joiden avulla kriisist\u00e4 selvit\u00e4\u00e4n hyv\u00e4ksytt\u00e4viss\u00e4 olevin haitoin. Valmiussuunnittelu edellytt\u00e4\u00e4 toiminnan tarkkaa tuntemista ja erilaisten toimenpidevaihtoehtojen osaamista. N\u00e4in ollen se on tehokkainta tehd\u00e4 yhteisty\u00f6ss\u00e4 toiminnasta vastaavien ja varautumisen osaajien kanssa.<\/p>\n\n\n\n<p>T\u00e4n\u00e4p\u00e4iv\u00e4n\u00e4 toiminta on tyypillisesti verkottunutta ja paljolti sopimuksiin perustuvaa. Sopimuksellinen varautuminen onkin oleellinen osa nykyaikaista varautumista. Sopimuksellisessa varautumisessa tarvitaan my\u00f6s sopimus- ja hankintaosaamista. Sopimuksellinen varautuminen vaikuttaa sopimuksiin ja sopimukset kriisijohtamiseen. Tavoitteena on mahdollistaa joustava ja ketter\u00e4 johtaminen sopimusten puitteissa.<\/p>\n\n\n\n<p>Kriisijohtaminen ja varautuminen ovat kiinte\u00e4ss\u00e4 vuorovaikutuksessa oleva pari. Hyv\u00e4 varautuminen helpottaa kriisijohtamista ja toisaalta kriisijohtaminen pit\u00e4\u00e4 suunnitella osana varautumista. Kriisijohtamisen suunnittelussa luodaan mm. ne mekanismit, joilla johdon tilanneymm\u00e4rrys s\u00e4ilyy nopeasti muuttuvassa tilanteessa.  Lis\u00e4ksi varmistetaan se, ett\u00e4 johdolla on toimivaltuudet tehd\u00e4 kriisiss\u00e4 tarvittavat toimet.<\/p>\n\n\n\n<p>Kunnan varautuminen ja kriisijohtaminen edellytt\u00e4\u00e4 kunnallishallinnon, julkisten hankintojen ja varautumisen osaamista. Me tarjoamme sen ja osallistamme toiminnan parhaiten tuntevat organisaation sen omat osaajat valmiussuunnitteluun. Ty\u00f6 tehd\u00e4\u00e4n workshop-menetelm\u00e4ll\u00e4 ja tuloksena on organisaation toimintaan r\u00e4\u00e4t\u00e4l\u00f6ity valmiussuunnitelma.  J\u00e4rjestelyiden esittely, kouluttaminen ja harjoittelu jalkauttavat ty\u00f6n osaksi normaalia toimintaa.  <\/p>\n\n\n\n<p><\/p>\n","protected":false},"excerpt":{"rendered":"<p>Valmius- ja jatkuvuussuunnittelu on varautumista erilaisten h\u00e4iri\u00f6iden aiheuttamiin haasteisiin. H\u00e4iri\u00f6tilanteet voivat lis\u00e4t\u00e4 tai v\u00e4hent\u00e4\u00e4 palvelun kysynt\u00e4\u00e4, vaikuttaa resurssien saatavuuteen tai luoda t\u00e4ysin uusia tarpeita. Valmius- ja jatkuvuussuunnittelussa pyrit\u00e4\u00e4n luomaan ratkaisut, joilla h\u00e4iri\u00f6iden vaikutukset pystyt\u00e4\u00e4n vaikuttavuuden ja keston suhteen rajaamaan siedett\u00e4viksi. Keinoina ovat esimerkiksi suojaukset, vararesurssit ja toiminnan muutokset. Valmiussuunnittelussa siis luodaan ketteryytt\u00e4 ja sietoisuutta, joiden &hellip; <a href=\"https:\/\/www.valmiussuunnittelu.fi\/?page_id=7\" class=\"more-link\">Jatka artikkeliin <span class=\"screen-reader-text\">Valmiussuunnittelu<\/span><\/a><\/p>\n","protected":false},"author":2,"featured_media":0,"parent":0,"menu_order":0,"comment_status":"closed","ping_status":"closed","template":"","meta":[],"_links":{"self":[{"href":"https:\/\/www.valmiussuunnittelu.fi\/index.php?rest_route=\/wp\/v2\/pages\/7"}],"collection":[{"href":"https:\/\/www.valmiussuunnittelu.fi\/index.php?rest_route=\/wp\/v2\/pages"}],"about":[{"href":"https:\/\/www.valmiussuunnittelu.fi\/index.php?rest_route=\/wp\/v2\/types\/page"}],"author":[{"embeddable":true,"href":"https:\/\/www.valmiussuunnittelu.fi\/index.php?rest_route=\/wp\/v2\/users\/2"}],"replies":[{"embeddable":true,"href":"https:\/\/www.valmiussuunnittelu.fi\/index.php?rest_route=%2Fwp%2Fv2%2Fcomments&post=7"}],"version-history":[{"count":1,"href":"https:\/\/www.valmiussuunnittelu.fi\/index.php?rest_route=\/wp\/v2\/pages\/7\/revisions"}],"predecessor-version":[{"id":10,"href":"https:\/\/www.valmiussuunnittelu.fi\/index.php?rest_route=\/wp\/v2\/pages\/7\/revisions\/10"}],"wp:attachment":[{"href":"https:\/\/www.valmiussuunnittelu.fi\/index.php?rest_route=%2Fwp%2Fv2%2Fmedia&parent=7"}],"curies":[{"name":"wp","href":"https:\/\/api.w.org\/{rel}","templated":true}]}}