{"id":32,"date":"2020-04-29T12:02:04","date_gmt":"2020-04-29T09:02:04","guid":{"rendered":"https:\/\/www.valmiussuunnittelu.fi\/?page_id=32"},"modified":"2020-04-29T12:02:04","modified_gmt":"2020-04-29T09:02:04","slug":"kriisijohtaminen","status":"publish","type":"page","link":"https:\/\/www.valmiussuunnittelu.fi\/?page_id=32","title":{"rendered":"Kriisijohtaminen"},"content":{"rendered":"\n<p>Kriisijohtaminen edellytt\u00e4\u00e4 tilanneymm\u00e4rryst\u00e4. P\u00e4\u00e4t\u00f6ksenteon pohjana on aina tietoisuus toimintaymp\u00e4rist\u00f6st\u00e4 ja oman toiminnan tilasta. Kriiseiss\u00e4 toimintaymp\u00e4rist\u00f6n ja oman toiminnan muutosnopeus kasvaa. T\u00e4m\u00e4 aiheuttaa tilannetietoisuuden yll\u00e4pitoon erityisj\u00e4rjestelyiden tarpeen. Tilannekuvaj\u00e4rjestelyill\u00e4 hankitaan omasta organisaatiosta, yhteisty\u00f6kumppaneilta ja mm. mediasta ne tiedot, joita tarvitaan p\u00e4\u00e4t\u00f6ksenteossa.<\/p>\n\n\n\n<p>Kriisijohtaminen julkishallinnossa tapahtuu tiukasti laillisuusperiaatetta noudattaen. Kriisijohtaminen edellytt\u00e4\u00e4 riitt\u00e4vi\u00e4 toimivaltuuksia ja tarvittaessa k\u00e4ytt\u00f6\u00f6n otettavia ketteri\u00e4 hallintomenettelyit\u00e4. Erilaisten tuotantotapojen vuoksi yksi malli ei sovi kaikkeen toimintaan. Omaa palvelutuotantoa johdetaan eri menettelyin kuin sopimuksin hankittuja palvelun osia. Toimivaltuudet ja osaaminen sopimusmuutoksiin sek\u00e4 lis\u00e4tilauksiin pit\u00e4\u00e4 varmistaa osana kriisijohtamisen valmisteluita.<\/p>\n\n\n\n<p>Sopimuksiin perustuvan toiminnan johtaminen edellytt\u00e4\u00e4 keskeisten sopimusten hallintaa, h\u00e4iri\u00f6tilanteiden sis\u00e4ltymist\u00e4 keskisiin sopimuksiin ja neuvottelu sek\u00e4 lis\u00e4tilaus valtuuksia. Sopimuspohjaisessa johtamisessa johdon tukena tarvitaan sopimus- ja hankintaosaamista. Kriisi voi aiheuttaa muutostarpeita oleviin sopimuksiin ja uusien &#8211; esimerkiksi hankintasopimuksien &#8211; tekemist\u00e4 nopealla aikataululla. <\/p>\n\n\n\n<p>Nykyaikainen ja tehokas kriisijohtaminen on ketter\u00e4\u00e4 oman palvelutuotannon ja ostopalveluiden muokkaamista vastaamaan muuttuvaa toimintaymp\u00e4rist\u00f6\u00e4 ja tarpeita. Oleellisena osana johtamista on sis\u00e4inen, sidosryhm\u00e4 ja ulkoinen viestint\u00e4. Kriisiviestint\u00e4 onkin erottamaton osa kriisijohtamista ja etuk\u00e4teen mietittyn\u00e4 sek\u00e4 resurssoituna tehokas tapa ohjata mielialaa ja toimintaa sek\u00e4 yll\u00e4pit\u00e4\u00e4 organisaation mainetta.<\/p>\n\n\n\n<p>Kriisijohtamisen suunnittelu tapahtuu organisaation oman toiminnan ja tarpeiden ehdoilla. Valmistuneet j\u00e4rjestelyt on hyv\u00e4 testata omina harjoituksinaan tai osana laajempaa valmiusharjoitusta. <\/p>\n\n\n\n<p>Meilt\u00e4 saat kriisijohtamisen suunnittelu, tuki ja koulutuspalvelut r\u00e4\u00e4t\u00e4l\u00f6ityin\u00e4 organisaation tarpeisiin.<\/p>\n","protected":false},"excerpt":{"rendered":"<p>Kriisijohtaminen edellytt\u00e4\u00e4 tilanneymm\u00e4rryst\u00e4. P\u00e4\u00e4t\u00f6ksenteon pohjana on aina tietoisuus toimintaymp\u00e4rist\u00f6st\u00e4 ja oman toiminnan tilasta. Kriiseiss\u00e4 toimintaymp\u00e4rist\u00f6n ja oman toiminnan muutosnopeus kasvaa. T\u00e4m\u00e4 aiheuttaa tilannetietoisuuden yll\u00e4pitoon erityisj\u00e4rjestelyiden tarpeen. Tilannekuvaj\u00e4rjestelyill\u00e4 hankitaan omasta organisaatiosta, yhteisty\u00f6kumppaneilta ja mm. mediasta ne tiedot, joita tarvitaan p\u00e4\u00e4t\u00f6ksenteossa. Kriisijohtaminen julkishallinnossa tapahtuu tiukasti laillisuusperiaatetta noudattaen. Kriisijohtaminen edellytt\u00e4\u00e4 riitt\u00e4vi\u00e4 toimivaltuuksia ja tarvittaessa k\u00e4ytt\u00f6\u00f6n otettavia ketteri\u00e4 hallintomenettelyit\u00e4. &hellip; <a href=\"https:\/\/www.valmiussuunnittelu.fi\/?page_id=32\" class=\"more-link\">Jatka artikkeliin <span class=\"screen-reader-text\">Kriisijohtaminen<\/span><\/a><\/p>\n","protected":false},"author":2,"featured_media":0,"parent":0,"menu_order":0,"comment_status":"closed","ping_status":"closed","template":"","meta":[],"_links":{"self":[{"href":"https:\/\/www.valmiussuunnittelu.fi\/index.php?rest_route=\/wp\/v2\/pages\/32"}],"collection":[{"href":"https:\/\/www.valmiussuunnittelu.fi\/index.php?rest_route=\/wp\/v2\/pages"}],"about":[{"href":"https:\/\/www.valmiussuunnittelu.fi\/index.php?rest_route=\/wp\/v2\/types\/page"}],"author":[{"embeddable":true,"href":"https:\/\/www.valmiussuunnittelu.fi\/index.php?rest_route=\/wp\/v2\/users\/2"}],"replies":[{"embeddable":true,"href":"https:\/\/www.valmiussuunnittelu.fi\/index.php?rest_route=%2Fwp%2Fv2%2Fcomments&post=32"}],"version-history":[{"count":1,"href":"https:\/\/www.valmiussuunnittelu.fi\/index.php?rest_route=\/wp\/v2\/pages\/32\/revisions"}],"predecessor-version":[{"id":34,"href":"https:\/\/www.valmiussuunnittelu.fi\/index.php?rest_route=\/wp\/v2\/pages\/32\/revisions\/34"}],"wp:attachment":[{"href":"https:\/\/www.valmiussuunnittelu.fi\/index.php?rest_route=%2Fwp%2Fv2%2Fmedia&parent=32"}],"curies":[{"name":"wp","href":"https:\/\/api.w.org\/{rel}","templated":true}]}}